{"id":5910,"date":"2025-03-26T11:25:01","date_gmt":"2025-03-26T16:25:01","guid":{"rendered":"https:\/\/investigacioneducativachoco.edu.co\/portal\/?page_id=5910"},"modified":"2025-03-26T11:36:41","modified_gmt":"2025-03-26T16:36:41","slug":"aplicacion-movil","status":"publish","type":"page","link":"https:\/\/investigacioneducativachoco.edu.co\/portal\/aplicacion-movil\/","title":{"rendered":"Aplicaci\u00f3n m\u00f3vil"},"content":{"rendered":"\n<p>Es una aplicaci\u00f3n  m\u00f3vil   dise\u00f1ada para optimizar la gesti\u00f3n de los procesos acad\u00e9micos en las instituciones educativas del departamento del Choc\u00f3 beneficiarias de este proyecto. Tiene como prop\u00f3sito fortalecer el seguimiento de los procesos acad\u00e9mico de los estudiantes.<\/p>\n\n\n\n<p><a href=\"https:\/\/investigacioneducativachoco.edu.co\/archivos\/gestion-academica-choco.apk\">Haga clic aqu\u00ed para descargar la app m\u00f3vil<\/a>.<\/p>\n\n\n\n<p><\/p>\n","protected":false},"excerpt":{"rendered":"<p>Es una aplicaci\u00f3n m\u00f3vil dise\u00f1ada para optimizar la gesti\u00f3n de los procesos acad\u00e9micos en las instituciones educativas del departamento del Choc\u00f3 beneficiarias de este proyecto. Tiene como prop\u00f3sito fortalecer el seguimiento de los procesos acad\u00e9mico de los estudiantes. Haga clic aqu\u00ed para descargar la app m\u00f3vil.<\/p>\n","protected":false},"author":1,"featured_media":0,"parent":0,"menu_order":0,"comment_status":"closed","ping_status":"closed","template":"","meta":{"footnotes":""},"class_list":["post-5910","page","type-page","status-publish","hentry"],"acf":[],"_links":{"self":[{"href":"https:\/\/investigacioneducativachoco.edu.co\/portal\/wp-json\/wp\/v2\/pages\/5910","targetHints":{"allow":["GET"]}}],"collection":[{"href":"https:\/\/investigacioneducativachoco.edu.co\/portal\/wp-json\/wp\/v2\/pages"}],"about":[{"href":"https:\/\/investigacioneducativachoco.edu.co\/portal\/wp-json\/wp\/v2\/types\/page"}],"author":[{"embeddable":true,"href":"https:\/\/investigacioneducativachoco.edu.co\/portal\/wp-json\/wp\/v2\/users\/1"}],"replies":[{"embeddable":true,"href":"https:\/\/investigacioneducativachoco.edu.co\/portal\/wp-json\/wp\/v2\/comments?post=5910"}],"version-history":[{"count":3,"href":"https:\/\/investigacioneducativachoco.edu.co\/portal\/wp-json\/wp\/v2\/pages\/5910\/revisions"}],"predecessor-version":[{"id":5915,"href":"https:\/\/investigacioneducativachoco.edu.co\/portal\/wp-json\/wp\/v2\/pages\/5910\/revisions\/5915"}],"wp:attachment":[{"href":"https:\/\/investigacioneducativachoco.edu.co\/portal\/wp-json\/wp\/v2\/media?parent=5910"}],"curies":[{"name":"wp","href":"https:\/\/api.w.org\/{rel}","templated":true}]}}