{"id":5872,"date":"2024-07-25T20:02:36","date_gmt":"2024-07-26T01:02:36","guid":{"rendered":"https:\/\/investigacioneducativachoco.edu.co\/portal\/?page_id=5872"},"modified":"2024-08-16T11:27:33","modified_gmt":"2024-08-16T16:27:33","slug":"invitacion-a-participar-en-el-congreso-internacional-de-investigacion-e-innovacion-en-educacion-cininie-choco-2024","status":"publish","type":"page","link":"https:\/\/investigacioneducativachoco.edu.co\/portal\/invitacion-a-participar-en-el-congreso-internacional-de-investigacion-e-innovacion-en-educacion-cininie-choco-2024\/","title":{"rendered":"Invitaci\u00f3n a Participar en el Congreso Internacional de Investigaci\u00f3n e Innovaci\u00f3n en Educaci\u00f3n (CININIE) &#8211; Choc\u00f3 2024"},"content":{"rendered":"","protected":false},"excerpt":{"rendered":"","protected":false},"author":1,"featured_media":0,"parent":0,"menu_order":0,"comment_status":"closed","ping_status":"closed","template":"","meta":{"footnotes":""},"class_list":["post-5872","page","type-page","status-publish","hentry"],"acf":[],"_links":{"self":[{"href":"https:\/\/investigacioneducativachoco.edu.co\/portal\/wp-json\/wp\/v2\/pages\/5872","targetHints":{"allow":["GET"]}}],"collection":[{"href":"https:\/\/investigacioneducativachoco.edu.co\/portal\/wp-json\/wp\/v2\/pages"}],"about":[{"href":"https:\/\/investigacioneducativachoco.edu.co\/portal\/wp-json\/wp\/v2\/types\/page"}],"author":[{"embeddable":true,"href":"https:\/\/investigacioneducativachoco.edu.co\/portal\/wp-json\/wp\/v2\/users\/1"}],"replies":[{"embeddable":true,"href":"https:\/\/investigacioneducativachoco.edu.co\/portal\/wp-json\/wp\/v2\/comments?post=5872"}],"version-history":[{"count":8,"href":"https:\/\/investigacioneducativachoco.edu.co\/portal\/wp-json\/wp\/v2\/pages\/5872\/revisions"}],"predecessor-version":[{"id":5897,"href":"https:\/\/investigacioneducativachoco.edu.co\/portal\/wp-json\/wp\/v2\/pages\/5872\/revisions\/5897"}],"wp:attachment":[{"href":"https:\/\/investigacioneducativachoco.edu.co\/portal\/wp-json\/wp\/v2\/media?parent=5872"}],"curies":[{"name":"wp","href":"https:\/\/api.w.org\/{rel}","templated":true}]}}